{"id":2382,"date":"2023-05-17T10:23:30","date_gmt":"2023-05-17T08:23:30","guid":{"rendered":"https:\/\/medas-solutions.it\/?page_id=2382"},"modified":"2023-05-30T14:42:55","modified_gmt":"2023-05-30T12:42:55","slug":"informativa-privacy-dati-di-contatto","status":"publish","type":"page","link":"https:\/\/medas-solutions.it\/en\/informativa-privacy-dati-di-contatto\/","title":{"rendered":"Informativa privacy dati di contatto"},"content":{"rendered":"<div class=\"wpb-content-wrapper\"><p>[vc_row css=&#8221;.vc_custom_1684311862727{margin-top: 150px !important;}&#8221;][vc_column][vc_column_text]<\/p>\n<p style=\"text-align: center;\"><strong><em>INFORMATIVA SUL TRATTAMENTO DEI DATI PERSONALI DI CONTATTO <\/em><\/strong><\/p>\n<p style=\"text-align: center;\"><em>(Art. 13 Regolamento UE 2016\/679)<\/em><\/p>\n<p>&nbsp;<\/p>\n<p>Si informa, ai sensi della normativa vigente (Regolamento UE 679\/2016 e D.lgs. 196\/2003 e s.m.i.), che i dati forniti saranno trattati nel pieno rispetto della normativa stessa e in particolare secondo principi di liceit\u00e0, correttezza e trasparenza; limitazione della finalit\u00e0 e minimizzazione; esattezza; limitazione della conservazione; integrit\u00e0 e riservatezza.<\/p>\n<p><strong>Titolare del trattamento<\/strong><\/p>\n<p>Il Titolare del trattamento \u00e8 Medas Srl la cui sede legale \u00e8 in via Benadir 14, 20132 Milano. I dati di contatto del titolare sono <span style=\"color: #0e0d7b;\"><a style=\"color: #0e0d7b;\" href=\"mailto:amministrazione@medas-solutions.it\">amministrazione@medas-solutions.it<\/a><\/span> e indirizzo PEC <span style=\"color: #0e0d7b;\"><a style=\"color: #0e0d7b;\" href=\"mailto:medas@legalmail.it\">medas@legalmail.it<\/a><\/span>.<\/p>\n<p><strong>Responsabile della protezione dei dati personali<\/strong><\/p>\n<p>Il Titolare ha nominato un Responsabile della protezione dei dati (o Data Protection Officer \u2013 DPO) il cui contatto \u00e8 il seguente dpo@medas-solutions.it.<\/p>\n<p><strong>Dati personali oggetto di trattamento, finalit\u00e0 e base giuridica del trattamento<\/strong><\/p>\n<p>I dati personali e di contatto quali nome, cognome, e-mail e numero di telefono sono trattati per lo svolgimento di attivit\u00e0 relative ad operazioni di tipo informativo e promozionale.<\/p>\n<p>Per quanto riguarda l\u2019utilizzo dei dati personali, la base giuridica \u00e8 il consenso che viene espresso mediante il flag apposto dall\u2019utente.<\/p>\n<p><strong>Modalit\u00e0 di trattamento e destinatari dei dati trattati<\/strong><\/p>\n<p>I dati saranno sottoposti, con mezzi informatici e\/o analogici, a operazioni di trattamento quali la raccolta, la registrazione su supporti elettronici, l\u2019organizzazione, la conservazione.<\/p>\n<p>I dati saranno oggetto di trattamento da parte di personale dipendente, collaboratore, consulente. I dati potranno essere trattati inoltre da responsabili del trattamento, ai sensi dell\u2019art. 28 del Regolamento UE 2016\/679 come, ad esempio, professionisti e consulenti esterni.<\/p>\n<p>I dati non saranno oggetto di diffusione a terzi, intendendosi per diffusione il dare conoscenza dei medesimi a soggetti terzi che non intervengono nei processi relativi al perseguimento delle finalit\u00e0 espresse. Non vi \u00e8 trasferimento di dati in paesi esterni all\u2019UE. Non si prevedono inoltre attivit\u00e0 di profilazione sui dati trattati.<\/p>\n<p><strong>Termini di conservazione <\/strong><\/p>\n<p>I dati saranno conservati per un periodo non superiore a quello necessario per il conseguimento delle finalit\u00e0 per le quali sono stati raccolti e comunque per un periodo non superiore ai 5 anni.<\/p>\n<p><strong>Natura obbligatoria o facoltativa del consenso<\/strong><\/p>\n<p>Il conferimento dei dati si configura come facoltativo. Si precisa per\u00f2 che nel caso in cui l\u2019Interessato non fornisse il consenso sar\u00e0 impossibile poter procedere con l\u2019invio di comunicazioni informative e promozionali.<\/p>\n<p><strong>Diritti dell\u2019interessato<\/strong><\/p>\n<p>L\u2019Interessato potr\u00e0, in qualunque momento, esercitare, ove applicabili, i diritti previsti dagli artt. 15-23 del Regolamento UE 2016\/679, in particolare il diritto di chiedere l&#8217;accesso ai dati, la rettifica o la cancellazione degli stessi, la limitazione del trattamento dei dati che lo riguardano e di opporsi al loro trattamento.<\/p>\n<p>Per l\u2019esercizio di tali diritti, l\u2019Interessato potr\u00e0 rivolgere una richiesta scritta al Titolare del trattamento e\/o al DPO ai contatti sopra riportati.<\/p>\n<p>L\u2019Interessato ha inoltre il diritto di proporre reclamo all\u2019Autorit\u00e0 di controllo (Garante per la protezione dei dati personali).[\/vc_column_text][\/vc_column][\/vc_row]<\/p>\n<\/div>","protected":false},"excerpt":{"rendered":"<p>[vc_row css=&#8221;.vc_custom_1684311862727{margin-top: 150px !important;}&#8221;][vc_column][vc_column_text] INFORMATIVA SUL TRATTAMENTO DEI DATI PERSONALI DI CONTATTO (Art. 13 Regolamento UE 2016\/679) &nbsp; Si informa, ai sensi della normativa vigente (Regolamento UE 679\/2016 e D.lgs. 196\/2003 e s.m.i.), che i dati forniti saranno trattati nel pieno rispetto della normativa stessa e in particolare secondo principi di liceit\u00e0, correttezza e trasparenza;&hellip;<\/p>\n","protected":false},"author":1,"featured_media":0,"parent":0,"menu_order":0,"comment_status":"closed","ping_status":"closed","template":"","meta":{"_acf_changed":false,"footnotes":""},"class_list":["post-2382","page","type-page","status-publish","hentry"],"acf":[],"yoast_head":"<!-- This site is optimized with the Yoast SEO plugin v27.2 - https:\/\/yoast.com\/product\/yoast-seo-wordpress\/ -->\n<title>Informativa privacy dati di contatto - Medas solutions<\/title>\n<meta name=\"robots\" content=\"index, follow, max-snippet:-1, max-image-preview:large, max-video-preview:-1\" \/>\n<link rel=\"canonical\" href=\"https:\/\/medas-solutions.it\/informativa-privacy-dati-di-contatto\/\" \/>\n<meta property=\"og:locale\" content=\"en_US\" \/>\n<meta property=\"og:type\" content=\"article\" \/>\n<meta property=\"og:title\" content=\"Informativa privacy dati di contatto - Medas solutions\" \/>\n<meta property=\"og:description\" content=\"[vc_row css=&#8221;.vc_custom_1684311862727{margin-top: 150px !important;}&#8221;][vc_column][vc_column_text] INFORMATIVA SUL TRATTAMENTO DEI DATI PERSONALI DI CONTATTO (Art. 13 Regolamento UE 2016\/679) &nbsp; Si informa, ai sensi della normativa vigente (Regolamento UE 679\/2016 e D.lgs. 196\/2003 e s.m.i.), che i dati forniti saranno trattati nel pieno rispetto della normativa stessa e in particolare secondo principi di liceit\u00e0, correttezza e trasparenza;&hellip;\" \/>\n<meta property=\"og:url\" content=\"https:\/\/medas-solutions.it\/informativa-privacy-dati-di-contatto\/\" \/>\n<meta property=\"og:site_name\" content=\"Medas solutions\" \/>\n<meta property=\"article:modified_time\" content=\"2023-05-30T12:42:55+00:00\" \/>\n<meta name=\"twitter:card\" content=\"summary_large_image\" \/>\n<meta name=\"twitter:label1\" content=\"Est. reading time\" \/>\n\t<meta name=\"twitter:data1\" content=\"3 minutes\" \/>\n<script type=\"application\/ld+json\" class=\"yoast-schema-graph\">{\"@context\":\"https:\/\/schema.org\",\"@graph\":[{\"@type\":\"WebPage\",\"@id\":\"https:\/\/medas-solutions.it\/informativa-privacy-dati-di-contatto\/\",\"url\":\"https:\/\/medas-solutions.it\/informativa-privacy-dati-di-contatto\/\",\"name\":\"Informativa privacy dati di contatto - Medas solutions\",\"isPartOf\":{\"@id\":\"https:\/\/medas-solutions.it\/#website\"},\"datePublished\":\"2023-05-17T08:23:30+00:00\",\"dateModified\":\"2023-05-30T12:42:55+00:00\",\"breadcrumb\":{\"@id\":\"https:\/\/medas-solutions.it\/informativa-privacy-dati-di-contatto\/#breadcrumb\"},\"inLanguage\":\"en-US\",\"potentialAction\":[{\"@type\":\"ReadAction\",\"target\":[\"https:\/\/medas-solutions.it\/informativa-privacy-dati-di-contatto\/\"]}]},{\"@type\":\"BreadcrumbList\",\"@id\":\"https:\/\/medas-solutions.it\/informativa-privacy-dati-di-contatto\/#breadcrumb\",\"itemListElement\":[{\"@type\":\"ListItem\",\"position\":1,\"name\":\"Home\",\"item\":\"https:\/\/medas-solutions.it\/en\/homepage\/\"},{\"@type\":\"ListItem\",\"position\":2,\"name\":\"Informativa privacy dati di contatto\"}]},{\"@type\":\"WebSite\",\"@id\":\"https:\/\/medas-solutions.it\/#website\",\"url\":\"https:\/\/medas-solutions.it\/\",\"name\":\"Medas solutions\",\"description\":\"Partner for healthcare\",\"potentialAction\":[{\"@type\":\"SearchAction\",\"target\":{\"@type\":\"EntryPoint\",\"urlTemplate\":\"https:\/\/medas-solutions.it\/?s={search_term_string}\"},\"query-input\":{\"@type\":\"PropertyValueSpecification\",\"valueRequired\":true,\"valueName\":\"search_term_string\"}}],\"inLanguage\":\"en-US\"}]}<\/script>\n<!-- \/ Yoast SEO plugin. -->","yoast_head_json":{"title":"Informativa privacy dati di contatto - Medas solutions","robots":{"index":"index","follow":"follow","max-snippet":"max-snippet:-1","max-image-preview":"max-image-preview:large","max-video-preview":"max-video-preview:-1"},"canonical":"https:\/\/medas-solutions.it\/informativa-privacy-dati-di-contatto\/","og_locale":"en_US","og_type":"article","og_title":"Informativa privacy dati di contatto - Medas solutions","og_description":"[vc_row css=&#8221;.vc_custom_1684311862727{margin-top: 150px !important;}&#8221;][vc_column][vc_column_text] INFORMATIVA SUL TRATTAMENTO DEI DATI PERSONALI DI CONTATTO (Art. 13 Regolamento UE 2016\/679) &nbsp; Si informa, ai sensi della normativa vigente (Regolamento UE 679\/2016 e D.lgs. 196\/2003 e s.m.i.), che i dati forniti saranno trattati nel pieno rispetto della normativa stessa e in particolare secondo principi di liceit\u00e0, correttezza e trasparenza;&hellip;","og_url":"https:\/\/medas-solutions.it\/informativa-privacy-dati-di-contatto\/","og_site_name":"Medas solutions","article_modified_time":"2023-05-30T12:42:55+00:00","twitter_card":"summary_large_image","twitter_misc":{"Est. reading time":"3 minutes"},"schema":{"@context":"https:\/\/schema.org","@graph":[{"@type":"WebPage","@id":"https:\/\/medas-solutions.it\/informativa-privacy-dati-di-contatto\/","url":"https:\/\/medas-solutions.it\/informativa-privacy-dati-di-contatto\/","name":"Informativa privacy dati di contatto - Medas solutions","isPartOf":{"@id":"https:\/\/medas-solutions.it\/#website"},"datePublished":"2023-05-17T08:23:30+00:00","dateModified":"2023-05-30T12:42:55+00:00","breadcrumb":{"@id":"https:\/\/medas-solutions.it\/informativa-privacy-dati-di-contatto\/#breadcrumb"},"inLanguage":"en-US","potentialAction":[{"@type":"ReadAction","target":["https:\/\/medas-solutions.it\/informativa-privacy-dati-di-contatto\/"]}]},{"@type":"BreadcrumbList","@id":"https:\/\/medas-solutions.it\/informativa-privacy-dati-di-contatto\/#breadcrumb","itemListElement":[{"@type":"ListItem","position":1,"name":"Home","item":"https:\/\/medas-solutions.it\/en\/homepage\/"},{"@type":"ListItem","position":2,"name":"Informativa privacy dati di contatto"}]},{"@type":"WebSite","@id":"https:\/\/medas-solutions.it\/#website","url":"https:\/\/medas-solutions.it\/","name":"Medas solutions","description":"Partner for healthcare","potentialAction":[{"@type":"SearchAction","target":{"@type":"EntryPoint","urlTemplate":"https:\/\/medas-solutions.it\/?s={search_term_string}"},"query-input":{"@type":"PropertyValueSpecification","valueRequired":true,"valueName":"search_term_string"}}],"inLanguage":"en-US"}]}},"_links":{"self":[{"href":"https:\/\/medas-solutions.it\/en\/wp-json\/wp\/v2\/pages\/2382","targetHints":{"allow":["GET"]}}],"collection":[{"href":"https:\/\/medas-solutions.it\/en\/wp-json\/wp\/v2\/pages"}],"about":[{"href":"https:\/\/medas-solutions.it\/en\/wp-json\/wp\/v2\/types\/page"}],"author":[{"embeddable":true,"href":"https:\/\/medas-solutions.it\/en\/wp-json\/wp\/v2\/users\/1"}],"replies":[{"embeddable":true,"href":"https:\/\/medas-solutions.it\/en\/wp-json\/wp\/v2\/comments?post=2382"}],"version-history":[{"count":7,"href":"https:\/\/medas-solutions.it\/en\/wp-json\/wp\/v2\/pages\/2382\/revisions"}],"predecessor-version":[{"id":2426,"href":"https:\/\/medas-solutions.it\/en\/wp-json\/wp\/v2\/pages\/2382\/revisions\/2426"}],"wp:attachment":[{"href":"https:\/\/medas-solutions.it\/en\/wp-json\/wp\/v2\/media?parent=2382"}],"curies":[{"name":"wp","href":"https:\/\/api.w.org\/{rel}","templated":true}]}}